{"id":920,"date":"2014-04-15T12:39:31","date_gmt":"2014-04-15T10:39:31","guid":{"rendered":"http:\/\/www.joergerhof.info\/?page_id=920"},"modified":"2021-02-02T09:12:08","modified_gmt":"2021-02-02T08:12:08","slug":"inverno","status":"publish","type":"page","link":"https:\/\/www.joergerhof.info\/it\/inverno\/","title":{"rendered":"Inverno"},"content":{"rendered":"<h2 class=\"title-style1\">Vacanza d\u2019inverno a Dobbiaco<\/h2>\n<p>Una vacanza d\u2019inverno in Alto Adige \u00e8 una promessa:<br \/>\nneve a volont\u00e0 perch\u00e9 grandi e piccini si divertano.<\/p>\n<p>L\u2019Alta Pusteria offre le migliori permesse per una vacanza d\u2019inverno di grande successo da vivere appieno in Alto Adige.<br \/>\nUn vero paradiso per tutti gli appassionati degli sport invernali nei comprensori sciistici tra i pi\u00f9 belli della zona: Monte Baranci, Croda Rossa e Monte Elmo.<br \/>\nAnche il Plan de Corones e le aree sciistiche di Cortina sono nelle immediate vicinanze.<\/p>\n<p>La vostra vacanza d\u2019inverno in Alto Adige \u00e8 anche fatta di estesi anelli per lo sci di fondo e una cornice paesaggistica di rara bellezza, tutta da scoprire con le ciaspolate, lo sci alpinismo e le escursioni invernali. Slittare promette spasso per tutti: una vacanza nell\u2019inverno non pu\u00f2 non prevedere una slittata, magari in notturna, lungo piste pi\u00f9 lunghe d\u2019Italia.<\/p>\n<style id=\"bwg-style-0\">    #bwg_container1_0 #bwg_container2_0 .bwg-container-0.bwg-standard-thumbnails {      width: 704px;              justify-content: center;        margin:0 auto !important;              background-color: rgba(255, 255, 255, 0.00);            padding-left: 4px;      padding-top: 4px;      max-width: 100%;            }        #bwg_container1_0 #bwg_container2_0 .bwg-container-0.bwg-standard-thumbnails .bwg-item {    justify-content: flex-start;      max-width: 140px;            width: 140px !important;          }    #bwg_container1_0 #bwg_container2_0 .bwg-container-0.bwg-standard-thumbnails .bwg-item a {       margin-right: 4px;       margin-bottom: 4px;    }    #bwg_container1_0 #bwg_container2_0 .bwg-container-0.bwg-standard-thumbnails .bwg-item0 {      padding: 0px;            background-color:rgba(255,255,255, 0.30);      border: 0px none #CCCCCC;      opacity: 1.00;      border-radius: 0;      box-shadow: 0px 0px 0px #888888;    }    #bwg_container1_0 #bwg_container2_0 .bwg-container-0.bwg-standard-thumbnails .bwg-item1 img {      max-height: none;      max-width: none;      padding: 0 !important;    }        @media only screen and (min-width: 480px) {      #bwg_container1_0 #bwg_container2_0 .bwg-container-0.bwg-standard-thumbnails .bwg-item0 {        transition: all 0.3s ease 0s;-webkit-transition: all 0.3s ease 0s;      }      #bwg_container1_0 #bwg_container2_0 .bwg-container-0.bwg-standard-thumbnails .bwg-item0:hover {        -ms-transform: scale(1.1);        -webkit-transform: scale(1.1);        transform: scale(1.1);      }    }          #bwg_container1_0 #bwg_container2_0 .bwg-container-0.bwg-standard-thumbnails .bwg-item1 {      padding-top: 71.428571428571%;    }        #bwg_container1_0 #bwg_container2_0 .bwg-container-0.bwg-standard-thumbnails .bwg-title2,    #bwg_container1_0 #bwg_container2_0 .bwg-container-0.bwg-standard-thumbnails .bwg-ecommerce2 {      color: #CCCCCC;      font-family: segoe ui;      font-size: 16px;      font-weight: bold;      padding: 2px;      text-shadow: 0px 0px 0px #888888;      max-height: 100%;    }    #bwg_container1_0 #bwg_container2_0 .bwg-container-0.bwg-standard-thumbnails .bwg-thumb-description span {    color: #323A45;    font-family: Ubuntu;    font-size: 12px;    max-height: 100%;    word-wrap: break-word;    }    #bwg_container1_0 #bwg_container2_0 .bwg-container-0.bwg-standard-thumbnails .bwg-play-icon2 {      font-size: 32px;    }    #bwg_container1_0 #bwg_container2_0 .bwg-container-0.bwg-standard-thumbnails .bwg-ecommerce2 {      font-size: 19.2px;      color: #CCCCCC;    }    <\/style>    <div id=\"bwg_container1_0\"         class=\"bwg_container bwg_thumbnail bwg_thumbnails \"         data-right-click-protection=\"0\"         data-bwg=\"0\"         data-scroll=\"0\"         data-gallery-type=\"thumbnails\"         data-gallery-view-type=\"thumbnails\"         data-current-url=\"\/it\/wp-json\/wp\/v2\/pages\/920\"         data-lightbox-url=\"https:\/\/www.joergerhof.info\/wp-admin\/admin-ajax.php?action=GalleryBox&#038;current_view=0&#038;gallery_id=3&#038;tag=0&#038;theme_id=1&#038;shortcode_id=0&#038;sort_by=order&#038;order_by=asc&#038;current_url=%2Fit%2Fwp-json%2Fwp%2Fv2%2Fpages%2F920\"         data-gallery-id=\"3\"         data-popup-width=\"800\"         data-popup-height=\"600\"         data-is-album=\"gallery\"         data-buttons-position=\"bottom\">      <div id=\"bwg_container2_0\">             <div id=\"ajax_loading_0\" class=\"bwg_loading_div_1\">      <div class=\"bwg_loading_div_2\">        <div class=\"bwg_loading_div_3\">          <div id=\"loading_div_0\" class=\"bwg_spider_ajax_loading\">          <\/div>        <\/div>      <\/div>    <\/div>            <form id=\"gal_front_form_0\"              class=\"bwg-hidden\"              method=\"post\"              action=\"#\"              data-current=\"0\"              data-shortcode-id=\"0\"              data-gallery-type=\"thumbnails\"              data-gallery-id=\"3\"              data-tag=\"0\"              data-album-id=\"0\"              data-theme-id=\"1\"              data-ajax-url=\"https:\/\/www.joergerhof.info\/wp-admin\/admin-ajax.php?action=bwg_frontend_data\">          <div id=\"bwg_container3_0\" class=\"bwg-background bwg-background-0\">                <div data-max-count=\"5\"         data-thumbnail-width=\"140\"         data-bwg=\"0\"         data-gallery-id=\"3\"         data-lightbox-url=\"https:\/\/www.joergerhof.info\/wp-admin\/admin-ajax.php?action=GalleryBox&amp;current_view=0&amp;gallery_id=3&amp;tag=0&amp;theme_id=1&amp;shortcode_id=0&amp;sort_by=order&amp;order_by=asc&amp;current_url=%2Fit%2Fwp-json%2Fwp%2Fv2%2Fpages%2F920\"         id=\"bwg_thumbnails_0\"         class=\"bwg-container-0 bwg-thumbnails bwg-standard-thumbnails bwg-container bwg-border-box\">            <div class=\"bwg-item\">        <a class=\"bwg-a  bwg_lightbox\"  data-image-id=\"41\" href=\"https:\/\/www.joergerhof.info\/wp-content\/uploads\/photo-gallery\/img_4150.jpg\" data-elementor-open-lightbox=\"no\">                <div class=\"bwg-item0 \">          <div class=\"bwg-item1 \">            <div class=\"bwg-item2\">              <img decoding=\"async\" class=\"skip-lazy bwg_standart_thumb_img_0 \"                   data-id=\"41\"                   data-width=\"\"                   data-height=\"\"                   data-src=\"https:\/\/www.joergerhof.info\/wp-content\/uploads\/photo-gallery\/thumb\/img_4150.jpg\"                   src=\"https:\/\/www.joergerhof.info\/wp-content\/uploads\/photo-gallery\/thumb\/img_4150.jpg\"                   alt=\"img_4150\"                   title=\"img_4150\" \/>            <\/div>            <div class=\"\">                                                      <\/div>          <\/div>        <\/div>                        <\/a>              <\/div>            <div class=\"bwg-item\">        <a class=\"bwg-a  bwg_lightbox\"  data-image-id=\"40\" href=\"https:\/\/www.joergerhof.info\/wp-content\/uploads\/photo-gallery\/img_4140.jpg\" data-elementor-open-lightbox=\"no\">                <div class=\"bwg-item0 \">          <div class=\"bwg-item1 \">            <div class=\"bwg-item2\">              <img decoding=\"async\" class=\"skip-lazy bwg_standart_thumb_img_0 \"                   data-id=\"40\"                   data-width=\"\"                   data-height=\"\"                   data-src=\"https:\/\/www.joergerhof.info\/wp-content\/uploads\/photo-gallery\/thumb\/img_4140.jpg\"                   src=\"https:\/\/www.joergerhof.info\/wp-content\/uploads\/photo-gallery\/thumb\/img_4140.jpg\"                   alt=\"img_4140\"                   title=\"img_4140\" \/>            <\/div>            <div class=\"\">                                                      <\/div>          <\/div>        <\/div>                        <\/a>              <\/div>            <div class=\"bwg-item\">        <a class=\"bwg-a  bwg_lightbox\"  data-image-id=\"39\" href=\"https:\/\/www.joergerhof.info\/wp-content\/uploads\/photo-gallery\/img_4043.jpg\" data-elementor-open-lightbox=\"no\">                <div class=\"bwg-item0 \">          <div class=\"bwg-item1 \">            <div class=\"bwg-item2\">              <img decoding=\"async\" class=\"skip-lazy bwg_standart_thumb_img_0 \"                   data-id=\"39\"                   data-width=\"\"                   data-height=\"\"                   data-src=\"https:\/\/www.joergerhof.info\/wp-content\/uploads\/photo-gallery\/thumb\/img_4043.jpg\"                   src=\"https:\/\/www.joergerhof.info\/wp-content\/uploads\/photo-gallery\/thumb\/img_4043.jpg\"                   alt=\"img_4043\"                   title=\"img_4043\" \/>            <\/div>            <div class=\"\">                                                      <\/div>          <\/div>        <\/div>                        <\/a>              <\/div>            <div class=\"bwg-item\">        <a class=\"bwg-a  bwg_lightbox\"  data-image-id=\"38\" href=\"https:\/\/www.joergerhof.info\/wp-content\/uploads\/photo-gallery\/img_2057.jpg\" data-elementor-open-lightbox=\"no\">                <div class=\"bwg-item0 \">          <div class=\"bwg-item1 \">            <div class=\"bwg-item2\">              <img decoding=\"async\" class=\"skip-lazy bwg_standart_thumb_img_0 \"                   data-id=\"38\"                   data-width=\"\"                   data-height=\"\"                   data-src=\"https:\/\/www.joergerhof.info\/wp-content\/uploads\/photo-gallery\/thumb\/img_2057.jpg\"                   src=\"https:\/\/www.joergerhof.info\/wp-content\/uploads\/photo-gallery\/thumb\/img_2057.jpg\"                   alt=\"img_2057\"                   title=\"img_2057\" \/>            <\/div>            <div class=\"\">                                                      <\/div>          <\/div>        <\/div>                        <\/a>              <\/div>            <div class=\"bwg-item\">        <a class=\"bwg-a  bwg_lightbox\"  data-image-id=\"37\" href=\"https:\/\/www.joergerhof.info\/wp-content\/uploads\/photo-gallery\/img_3773.jpg\" data-elementor-open-lightbox=\"no\">                <div class=\"bwg-item0 \">          <div class=\"bwg-item1 \">            <div class=\"bwg-item2\">              <img decoding=\"async\" class=\"skip-lazy bwg_standart_thumb_img_0 \"                   data-id=\"37\"                   data-width=\"\"                   data-height=\"\"                   data-src=\"https:\/\/www.joergerhof.info\/wp-content\/uploads\/photo-gallery\/thumb\/img_3773.jpg\"                   src=\"https:\/\/www.joergerhof.info\/wp-content\/uploads\/photo-gallery\/thumb\/img_3773.jpg\"                   alt=\"img_3773\"                   title=\"img_3773\" \/>            <\/div>            <div class=\"\">                                                      <\/div>          <\/div>        <\/div>                        <\/a>              <\/div>            <div class=\"bwg-item\">        <a class=\"bwg-a  bwg_lightbox\"  data-image-id=\"35\" href=\"https:\/\/www.joergerhof.info\/wp-content\/uploads\/photo-gallery\/img_3819.jpg\" data-elementor-open-lightbox=\"no\">                <div class=\"bwg-item0 \">          <div class=\"bwg-item1 \">            <div class=\"bwg-item2\">              <img decoding=\"async\" class=\"skip-lazy bwg_standart_thumb_img_0 \"                   data-id=\"35\"                   data-width=\"\"                   data-height=\"\"                   data-src=\"https:\/\/www.joergerhof.info\/wp-content\/uploads\/photo-gallery\/thumb\/img_3819.jpg\"                   src=\"https:\/\/www.joergerhof.info\/wp-content\/uploads\/photo-gallery\/thumb\/img_3819.jpg\"                   alt=\"img_3819\"                   title=\"img_3819\" \/>            <\/div>            <div class=\"\">                                                      <\/div>          <\/div>        <\/div>                        <\/a>              <\/div>            <div class=\"bwg-item\">        <a class=\"bwg-a  bwg_lightbox\"  data-image-id=\"34\" href=\"https:\/\/www.joergerhof.info\/wp-content\/uploads\/photo-gallery\/img_3823.jpg\" data-elementor-open-lightbox=\"no\">                <div class=\"bwg-item0 \">          <div class=\"bwg-item1 \">            <div class=\"bwg-item2\">              <img decoding=\"async\" class=\"skip-lazy bwg_standart_thumb_img_0 \"                   data-id=\"34\"                   data-width=\"\"                   data-height=\"\"                   data-src=\"https:\/\/www.joergerhof.info\/wp-content\/uploads\/photo-gallery\/thumb\/img_3823.jpg\"                   src=\"https:\/\/www.joergerhof.info\/wp-content\/uploads\/photo-gallery\/thumb\/img_3823.jpg\"                   alt=\"img_3823\"                   title=\"img_3823\" \/>            <\/div>            <div class=\"\">                                                      <\/div>          <\/div>        <\/div>                        <\/a>              <\/div>            <div class=\"bwg-item\">        <a class=\"bwg-a  bwg_lightbox\"  data-image-id=\"32\" href=\"https:\/\/www.joergerhof.info\/wp-content\/uploads\/photo-gallery\/img_3890-2.jpg\" data-elementor-open-lightbox=\"no\">                <div class=\"bwg-item0 \">          <div class=\"bwg-item1 \">            <div class=\"bwg-item2\">              <img decoding=\"async\" class=\"skip-lazy bwg_standart_thumb_img_0 \"                   data-id=\"32\"                   data-width=\"\"                   data-height=\"\"                   data-src=\"https:\/\/www.joergerhof.info\/wp-content\/uploads\/photo-gallery\/thumb\/img_3890-2.jpg\"                   src=\"https:\/\/www.joergerhof.info\/wp-content\/uploads\/photo-gallery\/thumb\/img_3890-2.jpg\"                   alt=\"img_3890-2\"                   title=\"img_3890-2\" \/>            <\/div>            <div class=\"\">                                                      <\/div>          <\/div>        <\/div>                        <\/a>              <\/div>            <div class=\"bwg-item\">        <a class=\"bwg-a  bwg_lightbox\"  data-image-id=\"31\" href=\"https:\/\/www.joergerhof.info\/wp-content\/uploads\/photo-gallery\/img_3598.jpg\" data-elementor-open-lightbox=\"no\">                <div class=\"bwg-item0 \">          <div class=\"bwg-item1 \">            <div class=\"bwg-item2\">              <img decoding=\"async\" class=\"skip-lazy bwg_standart_thumb_img_0 \"                   data-id=\"31\"                   data-width=\"\"                   data-height=\"\"                   data-src=\"https:\/\/www.joergerhof.info\/wp-content\/uploads\/photo-gallery\/thumb\/img_3598.jpg\"                   src=\"https:\/\/www.joergerhof.info\/wp-content\/uploads\/photo-gallery\/thumb\/img_3598.jpg\"                   alt=\"img_3598\"                   title=\"img_3598\" \/>            <\/div>            <div class=\"\">                                                      <\/div>          <\/div>        <\/div>                        <\/a>              <\/div>            <div class=\"bwg-item\">        <a class=\"bwg-a  bwg_lightbox\"  data-image-id=\"30\" href=\"https:\/\/www.joergerhof.info\/wp-content\/uploads\/photo-gallery\/img_3659.jpg\" data-elementor-open-lightbox=\"no\">                <div class=\"bwg-item0 \">          <div class=\"bwg-item1 \">            <div class=\"bwg-item2\">              <img decoding=\"async\" class=\"skip-lazy bwg_standart_thumb_img_0 \"                   data-id=\"30\"                   data-width=\"\"                   data-height=\"\"                   data-src=\"https:\/\/www.joergerhof.info\/wp-content\/uploads\/photo-gallery\/thumb\/img_3659.jpg\"                   src=\"https:\/\/www.joergerhof.info\/wp-content\/uploads\/photo-gallery\/thumb\/img_3659.jpg\"                   alt=\"img_3659\"                   title=\"img_3659\" \/>            <\/div>            <div class=\"\">                                                      <\/div>          <\/div>        <\/div>                        <\/a>              <\/div>            <div class=\"bwg-item\">        <a class=\"bwg-a  bwg_lightbox\"  data-image-id=\"29\" href=\"https:\/\/www.joergerhof.info\/wp-content\/uploads\/photo-gallery\/img_3580.jpg\" data-elementor-open-lightbox=\"no\">                <div class=\"bwg-item0 \">          <div class=\"bwg-item1 \">            <div class=\"bwg-item2\">              <img decoding=\"async\" class=\"skip-lazy bwg_standart_thumb_img_0 \"                   data-id=\"29\"                   data-width=\"\"                   data-height=\"\"                   data-src=\"https:\/\/www.joergerhof.info\/wp-content\/uploads\/photo-gallery\/thumb\/img_3580.jpg\"                   src=\"https:\/\/www.joergerhof.info\/wp-content\/uploads\/photo-gallery\/thumb\/img_3580.jpg\"                   alt=\"img_3580\"                   title=\"img_3580\" \/>            <\/div>            <div class=\"\">                                                      <\/div>          <\/div>        <\/div>                        <\/a>              <\/div>            <div class=\"bwg-item\">        <a class=\"bwg-a  bwg_lightbox\"  data-image-id=\"28\" href=\"https:\/\/www.joergerhof.info\/wp-content\/uploads\/photo-gallery\/img_3170.jpg\" data-elementor-open-lightbox=\"no\">                <div class=\"bwg-item0 \">          <div class=\"bwg-item1 \">            <div class=\"bwg-item2\">              <img decoding=\"async\" class=\"skip-lazy bwg_standart_thumb_img_0 \"                   data-id=\"28\"                   data-width=\"\"                   data-height=\"\"                   data-src=\"https:\/\/www.joergerhof.info\/wp-content\/uploads\/photo-gallery\/thumb\/img_3170.jpg\"                   src=\"https:\/\/www.joergerhof.info\/wp-content\/uploads\/photo-gallery\/thumb\/img_3170.jpg\"                   alt=\"img_3170\"                   title=\"img_3170\" \/>            <\/div>            <div class=\"\">                                                      <\/div>          <\/div>        <\/div>                        <\/a>              <\/div>          <\/div>    <style>      \/*pagination styles*\/      #bwg_container1_0 #bwg_container2_0 .tablenav-pages_0 {\t\t\t\ttext-align: center;\t\t\t\tfont-size: 12px;\t\t\t\tfont-family: segoe ui;\t\t\t\tfont-weight: bold;\t\t\t\tcolor: #666666;\t\t\t\tmargin: 6px 0 4px;\t\t\t\tdisplay: block;      }      @media only screen and (max-width : 320px) {      #bwg_container1_0 #bwg_container2_0 .displaying-num_0 {     \t display: none;      }      }      #bwg_container1_0 #bwg_container2_0 .displaying-num_0 {\t\t\t\tfont-size: 12px;\t\t\t\tfont-family: segoe ui;\t\t\t\tfont-weight: bold;\t\t\t\tcolor: #666666;\t\t\t\tmargin-right: 10px;\t\t\t\tvertical-align: middle;      }      #bwg_container1_0 #bwg_container2_0 .paging-input_0 {\t\t\t\tfont-size: 12px;\t\t\t\tfont-family: segoe ui;\t\t\t\tfont-weight: bold;\t\t\t\tcolor: #666666;\t\t\t\tvertical-align: middle;      }      #bwg_container1_0 #bwg_container2_0 .tablenav-pages_0 a.disabled,      #bwg_container1_0 #bwg_container2_0 .tablenav-pages_0 a.disabled:hover,      #bwg_container1_0 #bwg_container2_0 .tablenav-pages_0 a.disabled:focus,\t\t\t#bwg_container1_0 #bwg_container2_0 .tablenav-pages_0 input.bwg_current_page {\t\t\t\tcursor: default;\t\t\t\tcolor: rgba(102, 102, 102, 0.5);      }      #bwg_container1_0 #bwg_container2_0 .tablenav-pages_0 a,      #bwg_container1_0 #bwg_container2_0 .tablenav-pages_0 input.bwg_current_page {\t\t\t\tcursor: pointer;\t\t\t\ttext-align: center;\t\t\t\tfont-size: 12px;\t\t\t\tfont-family: segoe ui;\t\t\t\tfont-weight: bold;\t\t\t\tcolor: #666666;\t\t\t\ttext-decoration: none;\t\t\t\tpadding: 3px 6px;\t\t\t\tmargin: 0;\t\t\t\tborder-radius: 0;\t\t\t\tborder-style: solid;\t\t\t\tborder-width: 1px;\t\t\t\tborder-color: #E3E3E3;\t\t\t\t\t\t\t\tbackground-color: rgba(255, 255, 255, 1.00);\t\t\t\tbox-shadow: 0;\t\t\t\ttransition: all 0.3s ease 0s;-webkit-transition: all 0.3s ease 0s;      }      <\/style>      <span class=\"bwg_nav_cont_0\">              <div class=\"tablenav-pages_0\">                      <span class=\"displaying-num_0\">12  elemento\/i<\/span>                    <\/div>                <input type=\"hidden\" id=\"page_number_0\" name=\"page_number_0\" value=\"1\" \/>      <script type=\"text\/javascript\">        if( jQuery('.bwg_nav_cont_0').length > 1 ) {          jQuery('.bwg_nav_cont_0').first().remove()        }        function spider_page_0(cur, x, y, load_more) {          if (typeof load_more == \"undefined\") {            var load_more = false;          }          if (jQuery(cur).hasClass('disabled')) {            return false;          }          var items_county_0 = 1;          switch (y) {            case 1:              if (x >= items_county_0) {                document.getElementById('page_number_0').value = items_county_0;              }              else {                document.getElementById('page_number_0').value = x + 1;              }              break;            case 2:              document.getElementById('page_number_0').value = items_county_0;              break;            case -1:              if (x == 1) {                document.getElementById('page_number_0').value = 1;              }              else {                document.getElementById('page_number_0').value = x - 1;              }              break;            case -2:              document.getElementById('page_number_0').value = 1;              break;\t\t\t\t\t\tcase 0:              document.getElementById('page_number_0').value = x;              break;            default:              document.getElementById('page_number_0').value = 1;          }          bwg_ajax('gal_front_form_0', '0', 'bwg_thumbnails_0', '0', '', 'gallery', 0, '', '', load_more, '', 1);        }                    jQuery('.first-page-0').on('click', function () {              spider_page_0(this, 1, -2, 'numeric');              return false;            });            jQuery('.prev-page-0').on('click', function () {              spider_page_0(this, 1, -1, 'numeric');              return false;            });            jQuery('.next-page-0').on('click', function () {              spider_page_0(this, 1, 1, 'numeric');              return false;            });            jQuery('.last-page-0').on('click', function () {              spider_page_0(this, 1, 2, 'numeric');              return false;            });        \t\t\t\t\/* Change page on input enter. *\/        function bwg_change_page_0( e, that ) {          if (  e.key == 'Enter' ) {            var to_page = parseInt(jQuery(that).val());            var pages_count = jQuery(that).parents(\".pagination-links\").data(\"pages-count\");            var current_url_param = jQuery(that).attr('data-url-info');            if (to_page > pages_count) {              to_page = 1;            }\t \t\t\t\t\t\t\t\t\t\t\t\tspider_page_0(this, to_page, 0, 'numeric');\t\t\t\t\t\t\treturn false;\t\t\t\t\t\t          }          return true;        }        jQuery('.bwg_load_btn_0').on('click', function () {            spider_page_0(this, 1, 1, true);            return false;        });      <\/script>      <\/span>                <\/div>        <\/form>        <style>          #bwg_container1_0 #bwg_container2_0 #spider_popup_overlay_0 {          background-color: #000000;          opacity: 0.70;          }          <\/style>        <div id=\"bwg_spider_popup_loading_0\" class=\"bwg_spider_popup_loading\"><\/div>        <div id=\"spider_popup_overlay_0\" class=\"spider_popup_overlay\" onclick=\"spider_destroypopup(1000)\"><\/div>        <input type=\"hidden\" id=\"bwg_random_seed_0\" value=\"238802999\">                <\/div>    <\/div>    <script>      if (document.readyState === 'complete') {        if( typeof bwg_main_ready == 'function' ) {          if ( jQuery(\"#bwg_container1_0\").height() ) {            bwg_main_ready(jQuery(\"#bwg_container1_0\"));          }        }      } else {        document.addEventListener('DOMContentLoaded', function() {          if( typeof bwg_main_ready == 'function' ) {            if ( jQuery(\"#bwg_container1_0\").height() ) {             bwg_main_ready(jQuery(\"#bwg_container1_0\"));            }          }        });      }    <\/script>    \n","protected":false},"excerpt":{"rendered":"<p>Vacanza d\u2019inverno a Dobbiaco Una vacanza d\u2019inverno in Alto Adige \u00e8 una promessa: neve a volont\u00e0 perch\u00e9 grandi e piccini si divertano. L\u2019Alta Pusteria offre le migliori permesse per una vacanza d\u2019inverno di grande successo da vivere appieno in Alto Adige. Un vero paradiso per tutti gli appassionati degli sport invernali nei comprensori sciistici tra<\/p>\n<a href=\"https:\/\/www.joergerhof.info\/it\/inverno\/\" class=\"sohohotel-more-link\">Read More<i class=\"fa fa-angle-right\"><\/i><\/a>","protected":false},"author":1,"featured_media":0,"parent":0,"menu_order":0,"comment_status":"closed","ping_status":"closed","template":"","meta":{"footnotes":""},"class_list":["post-920","page","type-page","status-publish","hentry"],"_links":{"self":[{"href":"https:\/\/www.joergerhof.info\/it\/wp-json\/wp\/v2\/pages\/920","targetHints":{"allow":["GET"]}}],"collection":[{"href":"https:\/\/www.joergerhof.info\/it\/wp-json\/wp\/v2\/pages"}],"about":[{"href":"https:\/\/www.joergerhof.info\/it\/wp-json\/wp\/v2\/types\/page"}],"author":[{"embeddable":true,"href":"https:\/\/www.joergerhof.info\/it\/wp-json\/wp\/v2\/users\/1"}],"replies":[{"embeddable":true,"href":"https:\/\/www.joergerhof.info\/it\/wp-json\/wp\/v2\/comments?post=920"}],"version-history":[{"count":5,"href":"https:\/\/www.joergerhof.info\/it\/wp-json\/wp\/v2\/pages\/920\/revisions"}],"predecessor-version":[{"id":1276,"href":"https:\/\/www.joergerhof.info\/it\/wp-json\/wp\/v2\/pages\/920\/revisions\/1276"}],"wp:attachment":[{"href":"https:\/\/www.joergerhof.info\/it\/wp-json\/wp\/v2\/media?parent=920"}],"curies":[{"name":"wp","href":"https:\/\/api.w.org\/{rel}","templated":true}]}}