{"id":886,"date":"2014-04-15T12:07:33","date_gmt":"2014-04-15T10:07:33","guid":{"rendered":"http:\/\/www.joergerhof.info\/?page_id=886"},"modified":"2024-09-19T13:09:43","modified_gmt":"2024-09-19T12:09:43","slug":"impressum","status":"publish","type":"page","link":"https:\/\/www.joergerhof.info\/it\/impressum\/","title":{"rendered":"Impressum"},"content":{"rendered":"<table border=\"0\">\n<tbody>\n<tr>\n<td width=\"271\"><strong>Propritario del sito:<\/strong><\/td>\n<td width=\"259\"><strong> Progetto e programmazione:<\/strong><\/td>\n<\/tr>\n<tr>\n<td height=\"109\">Gasthof J\u00f6rgerhof<br \/>\nRadsberg 2<br \/>\n39034 Dobbiaco<br \/>\nTelefono: +39 0474 972203<br \/>\nFax: +39 0474 973761<br \/>\nE-Mail: info@joergerhof.info<br \/>\nP.IVA: 01161600216<\/p>\n<p>CIN: IT021028A1QICB98WH<\/td>\n<td>Trendstudio<br \/>\nVia della Roggia 32<br \/>\nI-39100 Bolzano<br \/>\nTelefono: 0471 975 124<br \/>\nFax: 0471 979 603<br \/>\n<a href=\"mailto:info@trendstudio.it\">info@trendstudio.it <\/a><br \/>\n<a href=\"http:\/\/www.trendstudio.it\" target=\"_blank\" rel=\"noopener\">www.trendstudio.it<\/a><br \/>\nP.IVA. 02296020213<\/td>\n<\/tr>\n<tr>\n<td><strong>Immagini:<\/strong><\/td>\n<td><strong>Testi:<\/strong><\/td>\n<\/tr>\n<tr>\n<td><strong>Albergo J\u00f6rgerhof<\/strong><\/td>\n<td><strong>Albergo J\u00f6rgerhof<\/strong><\/td>\n<\/tr>\n<tr>\n<td><strong>Avviso legale:<\/strong><\/td>\n<td><strong>Avviso di responsabilit\u00e1:<\/strong><\/td>\n<\/tr>\n<tr>\n<td>Tutte i dati pubblicati su questo sito, in qualsiasi formato, sono propriet\u00e1 dell\u00b4albergo J\u00f6rgerhof e protetti da diritti d\u00b4autore.<br \/>\nL\u00b4utilizzo di copie, stampati elettronici, riproduzioni di ogni genere e possibili salvatggi, sono concessi solamente attraverso un\u00b4autorizzazione scritta.<\/td>\n<td valign=\"top\">Nonostante un accurato controllo non ci prendiamo la responsabilit\u00e1 di contenuti in eventuali link esterni. Per il contenuto di link esterni sono responsabili esclusivamente i loro vettori. I contenuti di queste pagine vengono prodotti con cura. Per la correttezza, la completezza e la realt\u00e1 di questi contenuti per\u00f3, non ci prendiamo alcuna responsabilit\u00e1.<\/td>\n<\/tr>\n<\/tbody>\n<\/table>\n<p><strong>Informazione obbligatoria ai sensi del Regolamento UE n. 524\/2016 del Parlamento europeo e del Consiglio<\/strong><br \/>\nPiattaforma per la risoluzione delle controversie online dei consumatori (ODR) della Commissione europea: <a href=\"http:\/\/ec.europa.eu\/consumers\/odr\/\">http:\/\/ec.europa.eu\/consumers\/odr\/<\/a><\/p>\n","protected":false},"excerpt":{"rendered":"<p>Propritario del sito: Progetto e programmazione: Gasthof J\u00f6rgerhof Radsberg 2 39034 Dobbiaco Telefono: +39 0474 972203 Fax: +39 0474 973761 E-Mail: info@joergerhof.info P.IVA: 01161600216 CIN: IT021028A1QICB98WH Trendstudio Via della Roggia 32 I-39100 Bolzano Telefono: 0471 975 124 Fax: 0471 979 603 info@trendstudio.it www.trendstudio.it P.IVA. 02296020213 Immagini: Testi: Albergo J\u00f6rgerhof Albergo J\u00f6rgerhof Avviso legale: Avviso di<\/p>\n<a href=\"https:\/\/www.joergerhof.info\/it\/impressum\/\" class=\"sohohotel-more-link\">Read More<i class=\"fa fa-angle-right\"><\/i><\/a>","protected":false},"author":1,"featured_media":0,"parent":0,"menu_order":0,"comment_status":"closed","ping_status":"closed","template":"","meta":{"footnotes":""},"class_list":["post-886","page","type-page","status-publish","hentry"],"_links":{"self":[{"href":"https:\/\/www.joergerhof.info\/it\/wp-json\/wp\/v2\/pages\/886","targetHints":{"allow":["GET"]}}],"collection":[{"href":"https:\/\/www.joergerhof.info\/it\/wp-json\/wp\/v2\/pages"}],"about":[{"href":"https:\/\/www.joergerhof.info\/it\/wp-json\/wp\/v2\/types\/page"}],"author":[{"embeddable":true,"href":"https:\/\/www.joergerhof.info\/it\/wp-json\/wp\/v2\/users\/1"}],"replies":[{"embeddable":true,"href":"https:\/\/www.joergerhof.info\/it\/wp-json\/wp\/v2\/comments?post=886"}],"version-history":[{"count":6,"href":"https:\/\/www.joergerhof.info\/it\/wp-json\/wp\/v2\/pages\/886\/revisions"}],"predecessor-version":[{"id":1484,"href":"https:\/\/www.joergerhof.info\/it\/wp-json\/wp\/v2\/pages\/886\/revisions\/1484"}],"wp:attachment":[{"href":"https:\/\/www.joergerhof.info\/it\/wp-json\/wp\/v2\/media?parent=886"}],"curies":[{"name":"wp","href":"https:\/\/api.w.org\/{rel}","templated":true}]}}